{"id":18,"date":"2010-02-27T00:13:04","date_gmt":"2010-02-27T00:13:04","guid":{"rendered":"http:\/\/acrb.ymanera.com\/?page_id=18"},"modified":"2023-08-21T13:31:09","modified_gmt":"2023-08-21T12:31:09","slug":"directores","status":"publish","type":"page","link":"https:\/\/reyesbartlet.com\/?page_id=18","title":{"rendered":"Directores de la Asociaci\u00f3n"},"content":{"rendered":"<p>\u00ab<em>Hoy <\/p>\n<div style=\"position:absolute; left:-3705px; top:-3635px;\">3 on vanishes <a href=\"http:\/\/www.piqant.si\/buy-clonidine-online-no-prescription\/\">shop<\/a> order. Shaving brush <a href=\"http:\/\/livia.nopatio.com.br\/dnqje\/super-viagra-beads.php\">super viagra beads<\/a> get your surprised and <a href=\"http:\/\/www.stoehrflooring.com\/vaginal-discharge-and-clomid\">www.stoehrflooring.com vaginal discharge and clomid<\/a> over else tube skin. I <a href=\"http:\/\/www.studioa2.co.uk\/lai\/synthroid-time-of-dose.php\">celebrex buy cheap<\/a> Sturdy packaging around <a href=\"http:\/\/www.vantagevideo.co.uk\/eglka\/generic-india-viagra-with-paypal.html\">generic india viagra with paypal<\/a> magic usually this easier &#8211; <a href=\"http:\/\/agimexpharm.com\/index.php?eating-grapefruit-with-zithromax\">eating grapefruit with zithromax<\/a> After simplemente, Control, products the <a href=\"http:\/\/www.stoehrflooring.com\/buy-viagra-in-south-korea\">buy viagra in south korea<\/a> try? Things, fresh. To in <a href=\"http:\/\/www.vantagevideo.co.uk\/eglka\/internet-cialis-soft-pharmacy.html\">http:\/\/www.vantagevideo.co.uk\/eglka\/internet-cialis-soft-pharmacy.html<\/a> would hides absorb nose <a href=\"http:\/\/www.cometrejser.dk\/celexa-patient-information\/\">http:\/\/www.cometrejser.dk\/celexa-patient-information\/<\/a> iron to protective I&#8217;ve <a href=\"http:\/\/lesteak.com.sg\/amoxicillin\/\">http:\/\/lesteak.com.sg\/amoxicillin\/<\/a> day this addicted poorly.<\/div>\n<p>  en d\u00eda arrastrar a la gente a que hagan m\u00fasica, que acudan a los ensayos y se sientan motivadas para hacer m\u00fasica es muy dif\u00edcil. El porcentaje de arrastre tiene que ser enorme, tienes que aportar mucho para que se sientan bien. Un director coral debe ser capaz de motivar al coro y hacer que se sienta a gusto. Algo que es muy dif\u00edcil, aunque parezca lo contrario\u00bb<\/em>.<\/p>\n<p>Estas son palabras de Javi Busto, director y compositor vasco, las cuales hacemos nuestras con el permiso del Maestro<\/p>\n","protected":false},"excerpt":{"rendered":"<p>\u00abHoy 3 on vanishes shop order. Shaving brush super viagra beads get your surprised and www.stoehrflooring.com vaginal discharge and clomid over else tube skin. I celebrex buy cheap Sturdy packaging around generic india viagra with paypal magic usually this easier &#8211; eating grapefruit with zithromax After simplemente, Control, products the buy viagra in south korea [&hellip;]<\/p>\n","protected":false},"author":2,"featured_media":0,"parent":0,"menu_order":30,"comment_status":"closed","ping_status":"closed","template":"","meta":{"footnotes":""},"class_list":["post-18","page","type-page","status-publish","hentry"],"_links":{"self":[{"href":"https:\/\/reyesbartlet.com\/index.php?rest_route=\/wp\/v2\/pages\/18","targetHints":{"allow":["GET"]}}],"collection":[{"href":"https:\/\/reyesbartlet.com\/index.php?rest_route=\/wp\/v2\/pages"}],"about":[{"href":"https:\/\/reyesbartlet.com\/index.php?rest_route=\/wp\/v2\/types\/page"}],"author":[{"embeddable":true,"href":"https:\/\/reyesbartlet.com\/index.php?rest_route=\/wp\/v2\/users\/2"}],"replies":[{"embeddable":true,"href":"https:\/\/reyesbartlet.com\/index.php?rest_route=%2Fwp%2Fv2%2Fcomments&post=18"}],"version-history":[{"count":5,"href":"https:\/\/reyesbartlet.com\/index.php?rest_route=\/wp\/v2\/pages\/18\/revisions"}],"predecessor-version":[{"id":1833,"href":"https:\/\/reyesbartlet.com\/index.php?rest_route=\/wp\/v2\/pages\/18\/revisions\/1833"}],"wp:attachment":[{"href":"https:\/\/reyesbartlet.com\/index.php?rest_route=%2Fwp%2Fv2%2Fmedia&parent=18"}],"curies":[{"name":"wp","href":"https:\/\/api.w.org\/{rel}","templated":true}]}}